{"id":352,"date":"2019-03-28T16:49:26","date_gmt":"2019-03-28T15:49:26","guid":{"rendered":"https:\/\/evoride.fr\/?page_id=352"},"modified":"2025-01-30T07:31:21","modified_gmt":"2025-01-30T06:31:21","slug":"ride-and-protect%e2%80%8b","status":"publish","type":"page","link":"https:\/\/evoride.fr\/en\/ride-and-protect%e2%80%8b\/","title":{"rendered":"Ride &#038; Protect\u200b\u00ae"},"content":{"rendered":"<div data-elementor-type=\"wp-post\" data-elementor-id=\"352\" class=\"elementor elementor-352\">\n\t\t\t\t\t\t<section class=\"has_eae_slider elementor-section elementor-top-section elementor-element elementor-element-2e119a64 elementor-section-content-middle elementor-section-boxed elementor-section-height-default elementor-section-height-default\" data-id=\"2e119a64\" data-element_type=\"section\" data-settings=\"{&quot;background_background&quot;:&quot;classic&quot;}\">\n\t\t\t\t\t\t\t<div class=\"elementor-background-overlay\"><\/div>\n\t\t\t\t\t\t\t<div class=\"elementor-container elementor-column-gap-default\">\n\t\t\t\t\t<div class=\"has_eae_slider elementor-column elementor-col-66 elementor-top-column elementor-element elementor-element-5d3534ff\" data-id=\"5d3534ff\" data-element_type=\"column\">\n\t\t\t<div class=\"elementor-widget-wrap elementor-element-populated\">\n\t\t\t\t\t\t<div class=\"elementor-element elementor-element-335405ae elementor-widget elementor-widget-heading\" data-id=\"335405ae\" data-element_type=\"widget\" data-widget_type=\"heading.default\">\n\t\t\t\t<div class=\"elementor-widget-container\">\n\t\t\t\t\t<div class=\"elementor-heading-title elementor-size-large\">RIDE AND PROTECT<sup><span style=\"font-size: 15px\">\u200b\u00ae<\/span><\/sup><\/div>\t\t\t\t<\/div>\n\t\t\t\t<\/div>\n\t\t\t\t<div class=\"elementor-element elementor-element-5a48f377 elementor-widget elementor-widget-heading\" data-id=\"5a48f377\" data-element_type=\"widget\" data-widget_type=\"heading.default\">\n\t\t\t\t<div class=\"elementor-widget-container\">\n\t\t\t\t\t<div class=\"elementor-heading-title elementor-size-xl\">Enseigner<br>\nPartager<br>\nProt\u00e9ger<\/div>\t\t\t\t<\/div>\n\t\t\t\t<\/div>\n\t\t\t\t\t<\/div>\n\t\t<\/div>\n\t\t\t\t<div class=\"has_eae_slider elementor-column elementor-col-33 elementor-top-column elementor-element elementor-element-17cc891f\" data-id=\"17cc891f\" data-element_type=\"column\">\n\t\t\t<div class=\"elementor-widget-wrap elementor-element-populated\">\n\t\t\t\t\t\t<div class=\"elementor-element elementor-element-22be8280 elementor-widget elementor-widget-image\" data-id=\"22be8280\" data-element_type=\"widget\" data-widget_type=\"image.default\">\n\t\t\t\t<div class=\"elementor-widget-container\">\n\t\t\t\t\t\t\t\t\t\t\t\t\t\t\t<img class=\"lazyload\" decoding=\"async\" src=\"data:image\/gif;base64,R0lGODlhAQABAAAAACH5BAEKAAEALAAAAAABAAEAAAICTAEAOw==\" data-orig-src=\"https:\/\/evoride.fr\/wp-content\/uploads\/elementor\/thumbs\/EVORIDE-LogoDD-oao40pmj1krrihlkt3hrynpj1axhaym3jlb8dgmfcc.png\" title=\"EVORIDE-LogoDD\" alt=\"EVORIDE-LogoDD\" loading=\"lazy\" \/>\t\t\t\t\t\t\t\t\t\t\t\t\t\t\t<\/div>\n\t\t\t\t<\/div>\n\t\t\t\t\t<\/div>\n\t\t<\/div>\n\t\t\t\t\t<\/div>\n\t\t<\/section>\n\t\t\t\t<section class=\"has_eae_slider elementor-section elementor-top-section elementor-element elementor-element-8dc888a elementor-section-content-middle elementor-section-boxed elementor-section-height-default elementor-section-height-default\" data-id=\"8dc888a\" data-element_type=\"section\" data-settings=\"{&quot;background_background&quot;:&quot;classic&quot;,&quot;shape_divider_bottom&quot;:&quot;mountains&quot;}\">\n\t\t\t\t\t\t\t<div class=\"elementor-background-overlay\"><\/div>\n\t\t\t\t\t\t<div class=\"elementor-shape elementor-shape-bottom\" data-negative=\"false\">\n\t\t\t<svg xmlns=\"http:\/\/www.w3.org\/2000\/svg\" viewbox=\"0 0 1000 100\" preserveaspectratio=\"none\">\n\t<path class=\"elementor-shape-fill\" opacity=\"0.33\" d=\"M473,67.3c-203.9,88.3-263.1-34-320.3,0C66,119.1,0,59.7,0,59.7V0h1000v59.7 c0,0-62.1,26.1-94.9,29.3c-32.8,3.3-62.8-12.3-75.8-22.1C806,49.6,745.3,8.7,694.9,4.7S492.4,59,473,67.3z\"\/>\n\t<path class=\"elementor-shape-fill\" opacity=\"0.66\" d=\"M734,67.3c-45.5,0-77.2-23.2-129.1-39.1c-28.6-8.7-150.3-10.1-254,39.1 s-91.7-34.4-149.2,0C115.7,118.3,0,39.8,0,39.8V0h1000v36.5c0,0-28.2-18.5-92.1-18.5C810.2,18.1,775.7,67.3,734,67.3z\"\/>\n\t<path class=\"elementor-shape-fill\" d=\"M766.1,28.9c-200-57.5-266,65.5-395.1,19.5C242,1.8,242,5.4,184.8,20.6C128,35.8,132.3,44.9,89.9,52.5C28.6,63.7,0,0,0,0 h1000c0,0-9.9,40.9-83.6,48.1S829.6,47,766.1,28.9z\"\/>\n<\/svg>\t\t<\/div>\n\t\t\t\t\t<div class=\"elementor-container elementor-column-gap-default\">\n\t\t\t\t\t<div class=\"has_eae_slider elementor-column elementor-col-100 elementor-top-column elementor-element elementor-element-5681a30\" data-id=\"5681a30\" data-element_type=\"column\">\n\t\t\t<div class=\"elementor-widget-wrap elementor-element-populated\">\n\t\t\t\t\t\t<div class=\"elementor-element elementor-element-ddc701a elementor-widget elementor-widget-text-editor\" data-id=\"ddc701a\" data-element_type=\"widget\" data-widget_type=\"text-editor.default\">\n\t\t\t\t<div class=\"elementor-widget-container\">\n\t\t\t\t\t\t\t\t\t<p>Philosophie EVORIDE<sup><span style=\"font-size: 15px;\">\u00ae<\/span><\/sup><\/p>\t\t\t\t\t\t\t\t<\/div>\n\t\t\t\t<\/div>\n\t\t\t\t<div class=\"elementor-element elementor-element-36c8c17 elementor-widget elementor-widget-text-editor\" data-id=\"36c8c17\" data-element_type=\"widget\" data-widget_type=\"text-editor.default\">\n\t\t\t\t<div class=\"elementor-widget-container\">\n\t\t\t\t\t\t\t\t\t<p style=\"text-align: center;\">Le d\u00e9veloppement durable et la pr\u00e9servation de l\u2019environnement sont des valeurs fortes d\u2019EVORIDE\u00ae.<\/p>\n<p style=\"text-align: center;\">Aujourd\u2019hui, notre objectif est clair.<br>Nous devons avoir un engagement total pour la protection de l\u2019environnement et faire en sorte que nos loisirs aient le moins d\u2019impact sur nos territoires.<\/p>\n<p style=\"text-align: center;\"><strong>\u00ab Rejoignez-nous dans cette aventure ! \u00bb<\/strong><\/p>\t\t\t\t\t\t\t\t<\/div>\n\t\t\t\t<\/div>\n\t\t\t\t\t<\/div>\n\t\t<\/div>\n\t\t\t\t\t<\/div>\n\t\t<\/section>\n\t\t\t\t<section class=\"has_eae_slider elementor-section elementor-top-section elementor-element elementor-element-aea0daf elementor-section-content-middle elementor-section-boxed elementor-section-height-default elementor-section-height-default\" data-id=\"aea0daf\" data-element_type=\"section\" data-settings=\"{&quot;background_background&quot;:&quot;classic&quot;}\">\n\t\t\t\t\t\t\t<div class=\"elementor-background-overlay\"><\/div>\n\t\t\t\t\t\t\t<div class=\"elementor-container elementor-column-gap-default\">\n\t\t\t\t\t<div class=\"has_eae_slider elementor-column elementor-col-50 elementor-top-column elementor-element elementor-element-df14290\" data-id=\"df14290\" data-element_type=\"column\" data-settings=\"{&quot;background_background&quot;:&quot;classic&quot;}\">\n\t\t\t<div class=\"elementor-widget-wrap elementor-element-populated\">\n\t\t\t\t\t\t<div class=\"elementor-element elementor-element-b1dc0c5 elementor-widget elementor-widget-heading\" data-id=\"b1dc0c5\" data-element_type=\"widget\" data-widget_type=\"heading.default\">\n\t\t\t\t<div class=\"elementor-widget-container\">\n\t\t\t\t\t<div class=\"elementor-heading-title elementor-size-large\">Eco-responsabilit\u00e9<\/div>\t\t\t\t<\/div>\n\t\t\t\t<\/div>\n\t\t\t\t<div class=\"elementor-element elementor-element-c9dd534 elementor-widget elementor-widget-text-editor\" data-id=\"c9dd534\" data-element_type=\"widget\" data-widget_type=\"text-editor.default\">\n\t\t\t\t<div class=\"elementor-widget-container\">\n\t\t\t\t\t\t\t\t\t<p>Cette nouvelle structure de\u0301die\u0301e a\u0300 l\u2019enseignement des sports de Nature se veut e\u0302tre une entreprise socialement responsable.<\/p><p>Chez EVORIDE\u00ae la protection et la pre\u0301servation de l&rsquo;environnement sont au c\u0153ur de notre philosophie d\u2019entreprise.<br \/>Nous pensons que la crise environnementale a atteint un point critique. Si nous nous engageons pas a\u0300 re\u0301duire les gaz a\u0300 effet de serre, a\u0300 pre\u0301server la proprete\u0301 de l&rsquo;eau et de l&rsquo;air, et a\u0300 abandonner les technologies sales, l&rsquo;humanite\u0301 et la Nature seront en sursis.<\/p><p>En prenant des cours chez EVORIDE\u00ae, vous supportez le 1% pour la Plane\u0300te et donc vous participez a\u0300 la pre\u0301servation de l\u2019environnement et vous vous engagez dans la lutte contre le re\u0301chauffement climatique.<\/p>\t\t\t\t\t\t\t\t<\/div>\n\t\t\t\t<\/div>\n\t\t\t\t\t<\/div>\n\t\t<\/div>\n\t\t\t\t<div class=\"has_eae_slider elementor-column elementor-col-50 elementor-top-column elementor-element elementor-element-11bee57\" data-id=\"11bee57\" data-element_type=\"column\">\n\t\t\t<div class=\"elementor-widget-wrap elementor-element-populated\">\n\t\t\t\t\t\t<div class=\"elementor-element elementor-element-aa4514e elementor-widget elementor-widget-text-editor\" data-id=\"aa4514e\" data-element_type=\"widget\" data-widget_type=\"text-editor.default\">\n\t\t\t\t<div class=\"elementor-widget-container\">\n\t\t\t\t\t\t\t\t\t<p><img fetchpriority=\"high\" decoding=\"async\" class=\"lazyload size-full wp-image-528 aligncenter\" src=\"https:\/\/evoride.fr\/wp-content\/uploads\/2019\/04\/EVORIDE-NoBreakforTrash.jpg\" data-orig-src=\"https:\/\/evoride.fr\/wp-content\/uploads\/2019\/04\/EVORIDE-NoBreakforTrash.jpg\" alt=\"\" width=\"300\" height=\"168\" srcset=\"data:image\/svg+xml,%3Csvg%20xmlns%3D%27http%3A%2F%2Fwww.w3.org%2F2000%2Fsvg%27%20width%3D%27300%27%20height%3D%27168%27%20viewBox%3D%270%200%20300%20168%27%3E%3Crect%20width%3D%27300%27%20height%3D%27168%27%20fill-opacity%3D%220%22%2F%3E%3C%2Fsvg%3E\" data-srcset=\"https:\/\/evoride.fr\/wp-content\/uploads\/2019\/04\/EVORIDE-NoBreakforTrash-200x112.jpg 200w, https:\/\/evoride.fr\/wp-content\/uploads\/2019\/04\/EVORIDE-NoBreakforTrash.jpg 300w\" data-sizes=\"auto\" data-orig-sizes=\"(max-width: 300px) 100vw, 300px\" \/><\/p><p><img decoding=\"async\" class=\"lazyload wp-image-375 aligncenter\" src=\"https:\/\/evoride.fr\/wp-content\/uploads\/2019\/04\/EVORIDE-Logo1ForPlanet-e1554804807377.png\" data-orig-src=\"https:\/\/evoride.fr\/wp-content\/uploads\/2019\/04\/EVORIDE-Logo1ForPlanet-e1554804807377.png\" alt=\"\" width=\"131\" height=\"169\" srcset=\"data:image\/svg+xml,%3Csvg%20xmlns%3D%27http%3A%2F%2Fwww.w3.org%2F2000%2Fsvg%27%20width%3D%27131%27%20height%3D%27169%27%20viewBox%3D%270%200%20131%20169%27%3E%3Crect%20width%3D%27131%27%20height%3D%27169%27%20fill-opacity%3D%220%22%2F%3E%3C%2Fsvg%3E\" data-srcset=\"https:\/\/evoride.fr\/wp-content\/uploads\/2019\/04\/EVORIDE-Logo1ForPlanet-e1554804807377-200x258.png 200w, https:\/\/evoride.fr\/wp-content\/uploads\/2019\/04\/EVORIDE-Logo1ForPlanet-e1554804807377-233x300.png 233w, https:\/\/evoride.fr\/wp-content\/uploads\/2019\/04\/EVORIDE-Logo1ForPlanet-e1554804807377-400x516.png 400w, https:\/\/evoride.fr\/wp-content\/uploads\/2019\/04\/EVORIDE-Logo1ForPlanet-e1554804807377.png 498w\" data-sizes=\"auto\" data-orig-sizes=\"(max-width: 131px) 100vw, 131px\" \/><\/p>\t\t\t\t\t\t\t\t<\/div>\n\t\t\t\t<\/div>\n\t\t\t\t\t<\/div>\n\t\t<\/div>\n\t\t\t\t\t<\/div>\n\t\t<\/section>\n\t\t\t\t<section class=\"has_eae_slider elementor-section elementor-top-section elementor-element elementor-element-700a68b elementor-section-content-middle elementor-section-boxed elementor-section-height-default elementor-section-height-default\" data-id=\"700a68b\" data-element_type=\"section\" data-settings=\"{&quot;background_background&quot;:&quot;classic&quot;}\">\n\t\t\t\t\t\t<div class=\"elementor-container elementor-column-gap-default\">\n\t\t\t\t\t<div class=\"has_eae_slider elementor-column elementor-col-50 elementor-top-column elementor-element elementor-element-c5cd5cb\" data-id=\"c5cd5cb\" data-element_type=\"column\">\n\t\t\t<div class=\"elementor-widget-wrap elementor-element-populated\">\n\t\t\t\t\t\t<div class=\"elementor-element elementor-element-3f61071 elementor-widget elementor-widget-heading\" data-id=\"3f61071\" data-element_type=\"widget\" data-widget_type=\"heading.default\">\n\t\t\t\t<div class=\"elementor-widget-container\">\n\t\t\t\t\t<div class=\"elementor-heading-title elementor-size-large\">Beach Cleaning<\/div>\t\t\t\t<\/div>\n\t\t\t\t<\/div>\n\t\t\t\t<div class=\"elementor-element elementor-element-e008003 elementor-widget elementor-widget-text-editor\" data-id=\"e008003\" data-element_type=\"widget\" data-widget_type=\"text-editor.default\">\n\t\t\t\t<div class=\"elementor-widget-container\">\n\t\t\t\t\t\t\t\t\t<p>Chez EVORIDE\u00ae, nous voulons organiser des actions concr\u00e8tes pour prot\u00e9ger les \u201cterrains de jeux\u201d que la Nature nous offre.<br \/>Gr\u00e2ce \u00e0 ces op\u00e9rations de nettoyages, les participants pourront prendre conscience des enjeux environnementaux li\u00e9s aux d\u00e9chets oc\u00e9aniques tout en passant un moment agr\u00e9able avec d\u2019autres personnes.<\/p>\t\t\t\t\t\t\t\t<\/div>\n\t\t\t\t<\/div>\n\t\t\t\t\t<\/div>\n\t\t<\/div>\n\t\t\t\t<div class=\"has_eae_slider elementor-column elementor-col-50 elementor-top-column elementor-element elementor-element-4e2db17\" data-id=\"4e2db17\" data-element_type=\"column\" data-settings=\"{&quot;background_background&quot;:&quot;classic&quot;}\">\n\t\t\t<div class=\"elementor-widget-wrap\">\n\t\t\t\t\t\t\t<\/div>\n\t\t<\/div>\n\t\t\t\t\t<\/div>\n\t\t<\/section>\n\t\t\t\t<section class=\"has_eae_slider elementor-section elementor-top-section elementor-element elementor-element-97d003e elementor-section-content-middle elementor-section-stretched elementor-section-boxed elementor-section-height-default elementor-section-height-default\" data-id=\"97d003e\" data-element_type=\"section\" data-settings=\"{&quot;stretch_section&quot;:&quot;section-stretched&quot;,&quot;background_background&quot;:&quot;classic&quot;,&quot;shape_divider_top&quot;:&quot;waves&quot;}\">\n\t\t\t\t\t\t\t<div class=\"elementor-background-overlay\"><\/div>\n\t\t\t\t\t\t<div class=\"elementor-shape elementor-shape-top\" data-negative=\"false\">\n\t\t\t<svg xmlns=\"http:\/\/www.w3.org\/2000\/svg\" viewbox=\"0 0 1000 100\" preserveaspectratio=\"none\">\n\t<path class=\"elementor-shape-fill\" d=\"M421.9,6.5c22.6-2.5,51.5,0.4,75.5,5.3c23.6,4.9,70.9,23.5,100.5,35.7c75.8,32.2,133.7,44.5,192.6,49.7\tc23.6,2.1,48.7,3.5,103.4-2.5c54.7-6,106.2-25.6,106.2-25.6V0H0v30.3c0,0,72,32.6,158.4,30.5c39.2-0.7,92.8-6.7,134-22.4\tc21.2-8.1,52.2-18.2,79.7-24.2C399.3,7.9,411.6,7.5,421.9,6.5z\"\/>\n<\/svg>\t\t<\/div>\n\t\t\t\t\t<div class=\"elementor-container elementor-column-gap-default\">\n\t\t\t\t\t<div class=\"has_eae_slider elementor-column elementor-col-100 elementor-top-column elementor-element elementor-element-4bfbaf2\" data-id=\"4bfbaf2\" data-element_type=\"column\">\n\t\t\t<div class=\"elementor-widget-wrap elementor-element-populated\">\n\t\t\t\t\t\t<div class=\"elementor-element elementor-element-a31a7ef elementor-widget elementor-widget-heading\" data-id=\"a31a7ef\" data-element_type=\"widget\" data-widget_type=\"heading.default\">\n\t\t\t\t<div class=\"elementor-widget-container\">\n\t\t\t\t\t<div class=\"elementor-heading-title elementor-size-large\">Passez \u00e0 l'action !<\/div>\t\t\t\t<\/div>\n\t\t\t\t<\/div>\n\t\t\t\t<section class=\"has_eae_slider elementor-section elementor-inner-section elementor-element elementor-element-29adc19 elementor-section-boxed elementor-section-height-default elementor-section-height-default\" data-id=\"29adc19\" data-element_type=\"section\">\n\t\t\t\t\t\t<div class=\"elementor-container elementor-column-gap-default\">\n\t\t\t\t\t<div class=\"has_eae_slider elementor-column elementor-col-16 elementor-inner-column elementor-element elementor-element-b6eaebf\" data-id=\"b6eaebf\" data-element_type=\"column\">\n\t\t\t<div class=\"elementor-widget-wrap\">\n\t\t\t\t\t\t\t<\/div>\n\t\t<\/div>\n\t\t\t\t<div class=\"has_eae_slider elementor-column elementor-col-66 elementor-inner-column elementor-element elementor-element-90d09aa\" data-id=\"90d09aa\" data-element_type=\"column\">\n\t\t\t<div class=\"elementor-widget-wrap elementor-element-populated\">\n\t\t\t\t\t\t<div class=\"elementor-element elementor-element-7b4e152 elementor-widget elementor-widget-text-editor\" data-id=\"7b4e152\" data-element_type=\"widget\" data-widget_type=\"text-editor.default\">\n\t\t\t\t<div class=\"elementor-widget-container\">\n\t\t\t\t\t\t\t\t\t<h2 style=\"text-align: center;\">Je m&rsquo;inscris pour le Beach Cleaning<\/h2><p style=\"text-align: center;\">\n<div class=\"wpcf7 no-js\" id=\"wpcf7-f367-o1\" lang=\"fr-FR\" dir=\"ltr\" data-wpcf7-id=\"367\">\n<div class=\"screen-reader-response\"><p role=\"status\" aria-live=\"polite\" aria-atomic=\"true\"><\/p> <ul><\/ul><\/div>\n<form action=\"\/en\/wp-json\/wp\/v2\/pages\/352#wpcf7-f367-o1\" method=\"post\" class=\"wpcf7-form init\" aria-label=\"Formulaire de contact\" novalidate=\"novalidate\" data-status=\"init\" data-trp-original-action=\"\/en\/wp-json\/wp\/v2\/pages\/352#wpcf7-f367-o1\">\n<div style=\"display: none;\">\n<input type=\"hidden\" name=\"_wpcf7\" value=\"367\" \/>\n<input type=\"hidden\" name=\"_wpcf7_version\" value=\"6.0.3\" \/>\n<input type=\"hidden\" name=\"_wpcf7_locale\" value=\"fr_FR\" \/>\n<input type=\"hidden\" name=\"_wpcf7_unit_tag\" value=\"wpcf7-f367-o1\" \/>\n<input type=\"hidden\" name=\"_wpcf7_container_post\" value=\"0\" \/>\n<input type=\"hidden\" name=\"_wpcf7_posted_data_hash\" value=\"\" \/>\n<\/div>\n<p><label> Nom :<br \/>\n<span class=\"wpcf7-form-control-wrap\" data-name=\"your-name\"><input size=\"40\" maxlength=\"400\" class=\"wpcf7-form-control wpcf7-text wpcf7-validates-as-required\" aria-required=\"true\" aria-invalid=\"false\" value=\"\" type=\"text\" name=\"your-name\" \/><\/span> <\/label>\n<\/p>\n<p><label> \u00c2ge :<br \/>\n<span class=\"wpcf7-form-control-wrap\" data-name=\"text-951\"><input size=\"40\" maxlength=\"400\" class=\"wpcf7-form-control wpcf7-text wpcf7-validates-as-required\" aria-required=\"true\" aria-invalid=\"false\" value=\"\" type=\"text\" name=\"text-951\" \/><\/span> <\/label>\n<\/p>\n<p><label> Ville :<br \/>\n<span class=\"wpcf7-form-control-wrap\" data-name=\"text-921\"><input size=\"40\" maxlength=\"400\" class=\"wpcf7-form-control wpcf7-text wpcf7-validates-as-required\" aria-required=\"true\" aria-invalid=\"false\" value=\"\" type=\"text\" name=\"text-921\" \/><\/span> <\/label>\n<\/p>\n<p><label> T\u00e9l\u00e9phone :<br \/>\n<span class=\"wpcf7-form-control-wrap\" data-name=\"text-941\"><input size=\"40\" maxlength=\"400\" class=\"wpcf7-form-control wpcf7-text wpcf7-validates-as-required\" aria-required=\"true\" aria-invalid=\"false\" value=\"\" type=\"text\" name=\"text-941\" \/><\/span> <\/label>\n<\/p>\n<p><input class=\"wpcf7-form-control wpcf7-submit has-spinner\" type=\"submit\" value=\"Envoyer\" \/>\n<\/p><div class=\"fusion-alert alert custom alert-custom fusion-alert-center wpcf7-response-output fusion-alert-capitalize awb-alert-native-link-color alert-dismissable awb-alert-close-boxed\" style=\"--awb-border-size:1px;--awb-border-top-left-radius:0px;--awb-border-top-right-radius:0px;--awb-border-bottom-left-radius:0px;--awb-border-bottom-right-radius:0px;\" role=\"alert\"><div class=\"fusion-alert-content-wrapper\"><span class=\"fusion-alert-content\"><\/span><\/div><button type=\"button\" class=\"close toggle-alert\" data-dismiss=\"alert\" aria-label=\"Close\">&times;<\/button><\/div>\n<input type=\"hidden\" name=\"trp-form-language\" value=\"en\"\/><\/form>\n<\/div>\n<\/p>\t\t\t\t\t\t\t\t<\/div>\n\t\t\t\t<\/div>\n\t\t\t\t\t<\/div>\n\t\t<\/div>\n\t\t\t\t<div class=\"has_eae_slider elementor-column elementor-col-16 elementor-inner-column elementor-element elementor-element-22d6f7a\" data-id=\"22d6f7a\" data-element_type=\"column\">\n\t\t\t<div class=\"elementor-widget-wrap\">\n\t\t\t\t\t\t\t<\/div>\n\t\t<\/div>\n\t\t\t\t\t<\/div>\n\t\t<\/section>\n\t\t\t\t\t<\/div>\n\t\t<\/div>\n\t\t\t\t\t<\/div>\n\t\t<\/section>\n\t\t\t\t<\/div>","protected":false},"excerpt":{"rendered":"<p>RIDE AND PROTECT\u200b\u00ae Enseigner Partager Prot\u00e9ger Philosophie EVORIDE\u00ae Le d\u00e9veloppement  [&#8230;]<\/p>","protected":false},"author":1,"featured_media":665,"parent":0,"menu_order":0,"comment_status":"closed","ping_status":"closed","template":"100-width.php","meta":{"footnotes":""},"class_list":["post-352","page","type-page","status-publish","has-post-thumbnail","hentry"],"yoast_head":"<!-- This site is optimized with the Yoast SEO plugin v24.3 - https:\/\/yoast.com\/wordpress\/plugins\/seo\/ -->\n<title>Ride &amp; Protect\u200b\u00ae - Evoride<\/title>\n<meta name=\"robots\" content=\"index, follow, max-snippet:-1, max-image-preview:large, max-video-preview:-1\" \/>\n<link rel=\"canonical\" href=\"https:\/\/evoride.fr\/en\/ride-and-protect\u200b\/\" \/>\n<meta property=\"og:locale\" content=\"en_GB\" \/>\n<meta property=\"og:type\" content=\"article\" \/>\n<meta property=\"og:title\" content=\"Ride &amp; Protect\u200b\u00ae - Evoride\" \/>\n<meta property=\"og:description\" content=\"RIDE AND PROTECT\u200b\u00ae Enseigner Partager Prot\u00e9ger Philosophie EVORIDE\u00ae Le d\u00e9veloppement [...]\" \/>\n<meta property=\"og:url\" content=\"https:\/\/evoride.fr\/en\/ride-and-protect\u200b\/\" \/>\n<meta property=\"og:site_name\" content=\"Evoride\" \/>\n<meta property=\"article:modified_time\" content=\"2025-01-30T06:31:21+00:00\" \/>\n<meta property=\"og:image\" content=\"https:\/\/evoride.fr\/wp-content\/uploads\/2020\/02\/YoannHP.jpg\" \/>\n\t<meta property=\"og:image:width\" content=\"2517\" \/>\n\t<meta property=\"og:image:height\" content=\"1318\" \/>\n\t<meta property=\"og:image:type\" content=\"image\/jpeg\" \/>\n<meta name=\"twitter:card\" content=\"summary_large_image\" \/>\n<meta name=\"twitter:label1\" content=\"Estimated reading time\" \/>\n\t<meta name=\"twitter:data1\" content=\"2 minutes\" \/>\n<script type=\"application\/ld+json\" class=\"yoast-schema-graph\">{\"@context\":\"https:\/\/schema.org\",\"@graph\":[{\"@type\":\"WebPage\",\"@id\":\"https:\/\/evoride.fr\/ride-and-protect%e2%80%8b\/\",\"url\":\"https:\/\/evoride.fr\/ride-and-protect%e2%80%8b\/\",\"name\":\"Ride & Protect\u200b\u00ae - Evoride\",\"isPartOf\":{\"@id\":\"https:\/\/evoride.fr\/#website\"},\"primaryImageOfPage\":{\"@id\":\"https:\/\/evoride.fr\/ride-and-protect%e2%80%8b\/#primaryimage\"},\"image\":{\"@id\":\"https:\/\/evoride.fr\/ride-and-protect%e2%80%8b\/#primaryimage\"},\"thumbnailUrl\":\"https:\/\/evoride.fr\/wp-content\/uploads\/2020\/02\/YoannHP.jpg\",\"datePublished\":\"2019-03-28T15:49:26+00:00\",\"dateModified\":\"2025-01-30T06:31:21+00:00\",\"breadcrumb\":{\"@id\":\"https:\/\/evoride.fr\/ride-and-protect%e2%80%8b\/#breadcrumb\"},\"inLanguage\":\"en-GB\",\"potentialAction\":[{\"@type\":\"ReadAction\",\"target\":[\"https:\/\/evoride.fr\/ride-and-protect%e2%80%8b\/\"]}]},{\"@type\":\"ImageObject\",\"inLanguage\":\"en-GB\",\"@id\":\"https:\/\/evoride.fr\/ride-and-protect%e2%80%8b\/#primaryimage\",\"url\":\"https:\/\/evoride.fr\/wp-content\/uploads\/2020\/02\/YoannHP.jpg\",\"contentUrl\":\"https:\/\/evoride.fr\/wp-content\/uploads\/2020\/02\/YoannHP.jpg\",\"width\":2517,\"height\":1318},{\"@type\":\"BreadcrumbList\",\"@id\":\"https:\/\/evoride.fr\/ride-and-protect%e2%80%8b\/#breadcrumb\",\"itemListElement\":[{\"@type\":\"ListItem\",\"position\":1,\"name\":\"Accueil\",\"item\":\"https:\/\/evoride.fr\/\"},{\"@type\":\"ListItem\",\"position\":2,\"name\":\"Ride &#038; Protect\u200b\u00ae\"}]},{\"@type\":\"WebSite\",\"@id\":\"https:\/\/evoride.fr\/#website\",\"url\":\"https:\/\/evoride.fr\/\",\"name\":\"Evoride\",\"description\":\"Kitesurf \u00e9coresponsable\",\"potentialAction\":[{\"@type\":\"SearchAction\",\"target\":{\"@type\":\"EntryPoint\",\"urlTemplate\":\"https:\/\/evoride.fr\/?s={search_term_string}\"},\"query-input\":{\"@type\":\"PropertyValueSpecification\",\"valueRequired\":true,\"valueName\":\"search_term_string\"}}],\"inLanguage\":\"en-GB\"}]}<\/script>\n<!-- \/ Yoast SEO plugin. -->","yoast_head_json":{"title":"Ride & Protect\u200b\u00ae - Evoride","robots":{"index":"index","follow":"follow","max-snippet":"max-snippet:-1","max-image-preview":"max-image-preview:large","max-video-preview":"max-video-preview:-1"},"canonical":"https:\/\/evoride.fr\/en\/ride-and-protect\u200b\/","og_locale":"en_GB","og_type":"article","og_title":"Ride & Protect\u200b\u00ae - Evoride","og_description":"RIDE AND PROTECT\u200b\u00ae Enseigner Partager Prot\u00e9ger Philosophie EVORIDE\u00ae Le d\u00e9veloppement [...]","og_url":"https:\/\/evoride.fr\/en\/ride-and-protect\u200b\/","og_site_name":"Evoride","article_modified_time":"2025-01-30T06:31:21+00:00","og_image":[{"width":2517,"height":1318,"url":"https:\/\/evoride.fr\/wp-content\/uploads\/2020\/02\/YoannHP.jpg","type":"image\/jpeg"}],"twitter_card":"summary_large_image","twitter_misc":{"Estimated reading time":"2 minutes"},"schema":{"@context":"https:\/\/schema.org","@graph":[{"@type":"WebPage","@id":"https:\/\/evoride.fr\/ride-and-protect%e2%80%8b\/","url":"https:\/\/evoride.fr\/ride-and-protect%e2%80%8b\/","name":"Ride & Protect\u200b\u00ae - Evoride","isPartOf":{"@id":"https:\/\/evoride.fr\/#website"},"primaryImageOfPage":{"@id":"https:\/\/evoride.fr\/ride-and-protect%e2%80%8b\/#primaryimage"},"image":{"@id":"https:\/\/evoride.fr\/ride-and-protect%e2%80%8b\/#primaryimage"},"thumbnailUrl":"https:\/\/evoride.fr\/wp-content\/uploads\/2020\/02\/YoannHP.jpg","datePublished":"2019-03-28T15:49:26+00:00","dateModified":"2025-01-30T06:31:21+00:00","breadcrumb":{"@id":"https:\/\/evoride.fr\/ride-and-protect%e2%80%8b\/#breadcrumb"},"inLanguage":"en-GB","potentialAction":[{"@type":"ReadAction","target":["https:\/\/evoride.fr\/ride-and-protect%e2%80%8b\/"]}]},{"@type":"ImageObject","inLanguage":"en-GB","@id":"https:\/\/evoride.fr\/ride-and-protect%e2%80%8b\/#primaryimage","url":"https:\/\/evoride.fr\/wp-content\/uploads\/2020\/02\/YoannHP.jpg","contentUrl":"https:\/\/evoride.fr\/wp-content\/uploads\/2020\/02\/YoannHP.jpg","width":2517,"height":1318},{"@type":"BreadcrumbList","@id":"https:\/\/evoride.fr\/ride-and-protect%e2%80%8b\/#breadcrumb","itemListElement":[{"@type":"ListItem","position":1,"name":"Accueil","item":"https:\/\/evoride.fr\/"},{"@type":"ListItem","position":2,"name":"Ride &#038; Protect\u200b\u00ae"}]},{"@type":"WebSite","@id":"https:\/\/evoride.fr\/#website","url":"https:\/\/evoride.fr\/","name":"Evoride","description":"Kitesurf \u00e9coresponsable","potentialAction":[{"@type":"SearchAction","target":{"@type":"EntryPoint","urlTemplate":"https:\/\/evoride.fr\/?s={search_term_string}"},"query-input":{"@type":"PropertyValueSpecification","valueRequired":true,"valueName":"search_term_string"}}],"inLanguage":"en-GB"}]}},"_links":{"self":[{"href":"https:\/\/evoride.fr\/en\/wp-json\/wp\/v2\/pages\/352","targetHints":{"allow":["GET"]}}],"collection":[{"href":"https:\/\/evoride.fr\/en\/wp-json\/wp\/v2\/pages"}],"about":[{"href":"https:\/\/evoride.fr\/en\/wp-json\/wp\/v2\/types\/page"}],"author":[{"embeddable":true,"href":"https:\/\/evoride.fr\/en\/wp-json\/wp\/v2\/users\/1"}],"replies":[{"embeddable":true,"href":"https:\/\/evoride.fr\/en\/wp-json\/wp\/v2\/comments?post=352"}],"version-history":[{"count":1,"href":"https:\/\/evoride.fr\/en\/wp-json\/wp\/v2\/pages\/352\/revisions"}],"predecessor-version":[{"id":678,"href":"https:\/\/evoride.fr\/en\/wp-json\/wp\/v2\/pages\/352\/revisions\/678"}],"wp:featuredmedia":[{"embeddable":true,"href":"https:\/\/evoride.fr\/en\/wp-json\/wp\/v2\/media\/665"}],"wp:attachment":[{"href":"https:\/\/evoride.fr\/en\/wp-json\/wp\/v2\/media?parent=352"}],"curies":[{"name":"wp","href":"https:\/\/api.w.org\/{rel}","templated":true}]}}