{"id":1012,"date":"2025-03-09T19:05:04","date_gmt":"2025-03-09T18:05:04","guid":{"rendered":"https:\/\/evoride.fr\/?page_id=1012"},"modified":"2025-03-16T19:01:05","modified_gmt":"2025-03-16T18:01:05","slug":"feedback","status":"publish","type":"page","link":"https:\/\/evoride.fr\/en\/feedback\/","title":{"rendered":"Feedback"},"content":{"rendered":"<div data-elementor-type=\"wp-page\" data-elementor-id=\"1012\" class=\"elementor elementor-1012\">\n\t\t\t\t\t\t<section class=\"has_eae_slider elementor-section elementor-top-section elementor-element elementor-element-626d496 elementor-section-height-min-height elementor-section-boxed elementor-section-height-default elementor-section-items-middle\" data-id=\"626d496\" data-element_type=\"section\" data-settings=\"{&quot;background_background&quot;:&quot;classic&quot;}\">\n\t\t\t\t\t\t\t<div class=\"elementor-background-overlay\"><\/div>\n\t\t\t\t\t\t\t<div class=\"elementor-container elementor-column-gap-default\">\n\t\t\t\t\t<div class=\"has_eae_slider elementor-column elementor-col-100 elementor-top-column elementor-element elementor-element-1be9bbe\" data-id=\"1be9bbe\" data-element_type=\"column\" data-settings=\"{&quot;background_background&quot;:&quot;classic&quot;}\">\n\t\t\t<div class=\"elementor-widget-wrap elementor-element-populated\">\n\t\t\t\t\t<div class=\"elementor-background-overlay\"><\/div>\n\t\t\t\t\t\t<div class=\"elementor-element elementor-element-e28db13 elementor-widget elementor-widget-heading\" data-id=\"e28db13\" data-element_type=\"widget\" data-widget_type=\"heading.default\">\n\t\t\t\t<div class=\"elementor-widget-container\">\n\t\t\t\t\t<div class=\"elementor-heading-title elementor-size-xl\">Feedback<\/div>\t\t\t\t<\/div>\n\t\t\t\t<\/div>\n\t\t\t\t<div class=\"elementor-element elementor-element-48b83a8 elementor-widget elementor-widget-text-editor\" data-id=\"48b83a8\" data-element_type=\"widget\" data-widget_type=\"text-editor.default\">\n\t\t\t\t<div class=\"elementor-widget-container\">\n\t\t\t\t\t\t\t\t\t<p style=\"text-align: center;\">Chez EVORIDE, nous sommes fiers de la qualit\u00e9 de notre enseignement et des moments que nous partageons avec nos \u00e9l\u00e8ves. Nos clients nous font confiance depuis des ann\u00e9es, et leurs avis t\u00e9moignent de l\u2019exp\u00e9rience unique qu\u2019ils vivent avec nous.<br \/>Voici ce qu\u2019ils en disent :<\/p>\t\t\t\t\t\t\t\t<\/div>\n\t\t\t\t<\/div>\n\t\t\t\t<section class=\"has_eae_slider elementor-section elementor-inner-section elementor-element elementor-element-4e1e4f6 elementor-section-boxed elementor-section-height-default elementor-section-height-default\" data-id=\"4e1e4f6\" data-element_type=\"section\">\n\t\t\t\t\t\t<div class=\"elementor-container elementor-column-gap-narrow\">\n\t\t\t\t\t<div class=\"has_eae_slider elementor-column elementor-col-50 elementor-inner-column elementor-element elementor-element-08f7454\" data-id=\"08f7454\" data-element_type=\"column\">\n\t\t\t<div class=\"elementor-widget-wrap elementor-element-populated\">\n\t\t\t\t\t\t<div class=\"elementor-element elementor-element-e384d52 elementor-widget elementor-widget-text-editor\" data-id=\"e384d52\" data-element_type=\"widget\" data-widget_type=\"text-editor.default\">\n\t\t\t\t<div class=\"elementor-widget-container\">\n\t\t\t\t\t\t\t\t\t<p>\u00ab\u00a0Super exp\u00e9rience avec Evoride ! Dimitri est tr\u00e8s p\u00e9dagogue, le spot \u00e0 Lancieux est magnifique, mat\u00e9riel au top, de petits groupes (presque du cours particulier), avec une attention particuli\u00e8re sur la s\u00e9curit\u00e9. L&rsquo;eau fra\u00eeche motive \u00e0 sortir de l&rsquo;eau rapidement \ud83d\ude09 mais Dimitri pr\u00eate des combi si besoin. Le kite c&rsquo;est la vie \ud83d\ude00<br \/>Merci encore pour ces chouettes moments !\u00a0\u00bb<br \/><em>Visit\u00e9 en juin 2024<\/em><\/p><p><b>Marie Lauren\u00e7on &#8211;\u00a0<\/b><a style=\"font-family: var( --e-global-typography-text-font-family ), Sans-serif; font-weight: var( --e-global-typography-text-font-weight ); font-size: var(--body_typography-font-size); font-style: var(--body_typography-font-style,normal); letter-spacing: var(--body_typography-letter-spacing);\" href=\"https:\/\/maps.app.goo.gl\/mzhRqCeVEbM3UaLn8\" target=\"_blank\" rel=\"noopener\">Voir l&rsquo;avis sur Google<\/a><\/p>\t\t\t\t\t\t\t\t<\/div>\n\t\t\t\t<\/div>\n\t\t\t\t\t<\/div>\n\t\t<\/div>\n\t\t\t\t<div class=\"has_eae_slider elementor-column elementor-col-50 elementor-inner-column elementor-element elementor-element-f0fc7a0\" data-id=\"f0fc7a0\" data-element_type=\"column\">\n\t\t\t<div class=\"elementor-widget-wrap elementor-element-populated\">\n\t\t\t\t\t\t<div class=\"elementor-element elementor-element-63865b7 elementor-widget elementor-widget-text-editor\" data-id=\"63865b7\" data-element_type=\"widget\" data-widget_type=\"text-editor.default\">\n\t\t\t\t<div class=\"elementor-widget-container\">\n\t\t\t\t\t\t\t\t\t<p>\u00ab\u00a0De loin la meilleure \u00e9cole de Kite du coin. Dimitri est un passionn\u00e9 qui fait preuve de patience et d\u2019une belle p\u00e9dagogie. Il sait parfaitement s\u2019adapter aux profils et comp\u00e9tences de chacun avec un point d\u2019honneur sur la s\u00e9curit\u00e9. Cours en petits groupes ce qui nous permet d\u2019apprendre rapidement.<br \/>Je recommande vraiment Evoride.<br \/>\u00c0 bient\u00f4t <img decoding=\"async\" class=\"lazyload emoji\" role=\"img\" draggable=\"false\" src=\"data:image\/gif;base64,R0lGODlhAQABAAAAACH5BAEKAAEALAAAAAABAAEAAAICTAEAOw==\" data-orig-src=\"https:\/\/s.w.org\/images\/core\/emoji\/15.0.3\/svg\/1f642.svg\" alt=\"\ud83d\ude42\" \/>\u00ab\u00a0<br \/><em>Visit\u00e9 en juillet 2024<\/em><\/p><p><b>CP3 &#8211; Pauline Daniel &#8211;\u00a0<\/b><a style=\"font-family: var( --e-global-typography-text-font-family ), Sans-serif; font-weight: var( --e-global-typography-text-font-weight ); font-size: var(--body_typography-font-size); font-style: var(--body_typography-font-style,normal); letter-spacing: var(--body_typography-letter-spacing);\" href=\"https:\/\/maps.app.goo.gl\/uj1RUxywbptYzuxq9\" target=\"_blank\" rel=\"noopener\">Voir l&rsquo;avis sur Google<\/a><\/p>\t\t\t\t\t\t\t\t<\/div>\n\t\t\t\t<\/div>\n\t\t\t\t\t<\/div>\n\t\t<\/div>\n\t\t\t\t\t<\/div>\n\t\t<\/section>\n\t\t\t\t\t<\/div>\n\t\t<\/div>\n\t\t\t\t\t<\/div>\n\t\t<\/section>\n\t\t\t\t<section class=\"has_eae_slider elementor-section elementor-top-section elementor-element elementor-element-f63a82f elementor-section-full_width elementor-section-height-default elementor-section-height-default\" data-id=\"f63a82f\" data-element_type=\"section\" data-settings=\"{&quot;background_background&quot;:&quot;classic&quot;}\">\n\t\t\t\t\t\t\t<div class=\"elementor-background-overlay\"><\/div>\n\t\t\t\t\t\t\t<div class=\"elementor-container elementor-column-gap-default\">\n\t\t\t\t\t<div class=\"has_eae_slider elementor-column elementor-col-50 elementor-top-column elementor-element elementor-element-83706af\" data-id=\"83706af\" data-element_type=\"column\" data-settings=\"{&quot;background_background&quot;:&quot;classic&quot;}\">\n\t\t\t<div class=\"elementor-widget-wrap elementor-element-populated\">\n\t\t\t\t\t<div class=\"elementor-background-overlay\"><\/div>\n\t\t\t\t\t\t<div class=\"elementor-element elementor-element-d4dfa94 elementor-view-default elementor-widget elementor-widget-icon\" data-id=\"d4dfa94\" data-element_type=\"widget\" data-widget_type=\"icon.default\">\n\t\t\t\t<div class=\"elementor-widget-container\">\n\t\t\t\t\t\t\t<div class=\"elementor-icon-wrapper\">\n\t\t\t<div class=\"elementor-icon\">\n\t\t\t<i aria-hidden=\"true\" class=\"far fa-laugh-beam\"><\/i>\t\t\t<\/div>\n\t\t<\/div>\n\t\t\t\t\t\t<\/div>\n\t\t\t\t<\/div>\n\t\t\t\t<div class=\"elementor-element elementor-element-8113e3a elementor-widget elementor-widget-heading\" data-id=\"8113e3a\" data-element_type=\"widget\" data-widget_type=\"heading.default\">\n\t\t\t\t<div class=\"elementor-widget-container\">\n\t\t\t\t\t<div class=\"elementor-heading-title elementor-size-xl\">Partagez votre exp\u00e9rience !<\/div>\t\t\t\t<\/div>\n\t\t\t\t<\/div>\n\t\t\t\t<div class=\"elementor-element elementor-element-60f3a66 elementor-widget elementor-widget-text-editor\" data-id=\"60f3a66\" data-element_type=\"widget\" data-widget_type=\"text-editor.default\">\n\t\t\t\t<div class=\"elementor-widget-container\">\n\t\t\t\t\t\t\t\t\t<p><span style=\"font-family: var( --e-global-typography-text-font-family ), Sans-serif; font-weight: var( --e-global-typography-text-font-weight ); background-color: var(--content_bg_color); font-style: var(--body_typography-font-style,normal); letter-spacing: var(--body_typography-letter-spacing);\">Vous avez d\u00e9j\u00e0 d\u00e9couvert le kite avec EVORIDE ? Laissez-nous un avis et faites savoir aux autres \u00e0 quel point vous avez aim\u00e9 votre exp\u00e9rience avec nous ! C\u2019est rapide, facile et cela nous aide \u00e0 continuer \u00e0 offrir des moments inoubliables \u00e0 nos clients.<\/span><\/p><p><b>Pourquoi laisser un avis ?<\/b><\/p><ul><li>Aidez d&rsquo;autres passionn\u00e9s de kite \u00e0 faire le bon choix.<\/li><li>Partagez vos souvenirs et vos conseils pour am\u00e9liorer les futures sessions.<\/li><li>Votre avis est pr\u00e9cieux pour nous, et nous permet d\u2019am\u00e9liorer constamment nos services.<\/li><\/ul><p><b>Comment faire ?<\/b><\/p><p>Il vous suffit de cliquer sur le bouton ci-dessous pour laisser un avis, et en quelques clics, vous pourrez partager votre exp\u00e9rience avec la communaut\u00e9 EVORIDE.<\/p>\t\t\t\t\t\t\t\t<\/div>\n\t\t\t\t<\/div>\n\t\t\t\t<div class=\"elementor-element elementor-element-2e03079 elementor-button-info elementor-align-center elementor-widget elementor-widget-button\" data-id=\"2e03079\" data-element_type=\"widget\" data-widget_type=\"button.default\">\n\t\t\t\t<div class=\"elementor-widget-container\">\n\t\t\t\t\t\t\t\t\t<div class=\"elementor-button-wrapper\">\n\t\t\t\t\t<a class=\"elementor-button elementor-button-link elementor-size-md\" href=\"https:\/\/www.google.fr\/maps\/place\/EVORIDE+Ecole+Kitesurf+-+Wing+foil+(+Lancieux+-+Saint-Malo+)\/@48.6336201,-1.9909143,708m\/data=!3m1!1e3!4m17!1m8!3m7!1s0x480e83b93760cc65:0x868c85ce35815c2c!2sEVORIDE+Ecole+Kitesurf+-+Wing+foil+(+Lancieux+-+Saint-Malo+)!8m2!3d48.6336201!4d-1.988334!10e1!16s%2Fg%2F11fjzvh00b!3m7!1s0x480e83b93760cc65:0x868c85ce35815c2c!8m2!3d48.6336201!4d-1.988334!9m1!1b1!16s%2Fg%2F11fjzvh00b?entry=ttu&#038;g_ep=EgoyMDI1MDIwMy4wIKXMDSoASAFQAw%3D%3D\" id=\"boutonoffres\">\n\t\t\t\t\t\t<span class=\"elementor-button-content-wrapper\">\n\t\t\t\t\t\t\t\t\t<span class=\"elementor-button-text\">Cliquez ici pour partager votre exp\u00e9rience !<\/span>\n\t\t\t\t\t<\/span>\n\t\t\t\t\t<\/a>\n\t\t\t\t<\/div>\n\t\t\t\t\t\t\t\t<\/div>\n\t\t\t\t<\/div>\n\t\t\t\t<div class=\"elementor-element elementor-element-fb89832 elementor-widget elementor-widget-rating\" data-id=\"fb89832\" data-element_type=\"widget\" data-widget_type=\"rating.default\">\n\t\t\t\t<div class=\"elementor-widget-container\">\n\t\t\t\t\t\t\t<div class=\"e-rating\" itemtype=\"https:\/\/schema.org\/Rating\" itemscope=\"\" itemprop=\"reviewRating\">\n\t\t\t<meta itemprop=\"worstRating\" content=\"0\">\n\t\t\t<meta itemprop=\"bestRating\" content=\"5\">\n\t\t\t<div class=\"e-rating-wrapper\" itemprop=\"ratingValue\" content=\"5\" role=\"img\" aria-label=\"Rated 5 out of 5\">\n\t\t\t\t\t\t\t<div class=\"e-icon\">\n\t\t\t\t<div class=\"e-icon-wrapper e-icon-marked\">\n\t\t\t\t\t<i aria-hidden=\"true\" class=\"eicon-star\"><\/i>\t\t\t\t<\/div>\n\t\t\t\t<div class=\"e-icon-wrapper e-icon-unmarked\">\n\t\t\t\t\t<i aria-hidden=\"true\" class=\"eicon-star\"><\/i>\t\t\t\t<\/div>\n\t\t\t<\/div>\n\t\t\t\t\t\t<div class=\"e-icon\">\n\t\t\t\t<div class=\"e-icon-wrapper e-icon-marked\">\n\t\t\t\t\t<i aria-hidden=\"true\" class=\"eicon-star\"><\/i>\t\t\t\t<\/div>\n\t\t\t\t<div class=\"e-icon-wrapper e-icon-unmarked\">\n\t\t\t\t\t<i aria-hidden=\"true\" class=\"eicon-star\"><\/i>\t\t\t\t<\/div>\n\t\t\t<\/div>\n\t\t\t\t\t\t<div class=\"e-icon\">\n\t\t\t\t<div class=\"e-icon-wrapper e-icon-marked\">\n\t\t\t\t\t<i aria-hidden=\"true\" class=\"eicon-star\"><\/i>\t\t\t\t<\/div>\n\t\t\t\t<div class=\"e-icon-wrapper e-icon-unmarked\">\n\t\t\t\t\t<i aria-hidden=\"true\" class=\"eicon-star\"><\/i>\t\t\t\t<\/div>\n\t\t\t<\/div>\n\t\t\t\t\t\t<div class=\"e-icon\">\n\t\t\t\t<div class=\"e-icon-wrapper e-icon-marked\">\n\t\t\t\t\t<i aria-hidden=\"true\" class=\"eicon-star\"><\/i>\t\t\t\t<\/div>\n\t\t\t\t<div class=\"e-icon-wrapper e-icon-unmarked\">\n\t\t\t\t\t<i aria-hidden=\"true\" class=\"eicon-star\"><\/i>\t\t\t\t<\/div>\n\t\t\t<\/div>\n\t\t\t\t\t\t<div class=\"e-icon\">\n\t\t\t\t<div class=\"e-icon-wrapper e-icon-marked\">\n\t\t\t\t\t<i aria-hidden=\"true\" class=\"eicon-star\"><\/i>\t\t\t\t<\/div>\n\t\t\t\t<div class=\"e-icon-wrapper e-icon-unmarked\">\n\t\t\t\t\t<i aria-hidden=\"true\" class=\"eicon-star\"><\/i>\t\t\t\t<\/div>\n\t\t\t<\/div>\n\t\t\t\t\t\t<\/div>\n\t\t<\/div>\n\t\t\t\t\t\t<\/div>\n\t\t\t\t<\/div>\n\t\t\t\t\t<\/div>\n\t\t<\/div>\n\t\t\t\t<div class=\"has_eae_slider elementor-column elementor-col-50 elementor-top-column elementor-element elementor-element-c223b31\" data-id=\"c223b31\" data-element_type=\"column\" data-settings=\"{&quot;background_background&quot;:&quot;classic&quot;}\">\n\t\t\t<div class=\"elementor-widget-wrap elementor-element-populated\">\n\t\t\t\t\t\t<div class=\"elementor-element elementor-element-c8559a4 elementor-widget elementor-widget-spacer\" data-id=\"c8559a4\" data-element_type=\"widget\" data-widget_type=\"spacer.default\">\n\t\t\t\t<div class=\"elementor-widget-container\">\n\t\t\t\t\t\t\t<div class=\"elementor-spacer\">\n\t\t\t<div class=\"elementor-spacer-inner\"><\/div>\n\t\t<\/div>\n\t\t\t\t\t\t<\/div>\n\t\t\t\t<\/div>\n\t\t\t\t\t<\/div>\n\t\t<\/div>\n\t\t\t\t\t<\/div>\n\t\t<\/section>\n\t\t\t\t<section class=\"has_eae_slider elementor-section elementor-top-section elementor-element elementor-element-c4d847b elementor-section-boxed elementor-section-height-default elementor-section-height-default\" data-id=\"c4d847b\" data-element_type=\"section\">\n\t\t\t\t\t\t<div class=\"elementor-container elementor-column-gap-default\">\n\t\t\t\t\t<div class=\"has_eae_slider elementor-column elementor-col-100 elementor-top-column elementor-element elementor-element-9caa861\" data-id=\"9caa861\" data-element_type=\"column\">\n\t\t\t<div class=\"elementor-widget-wrap\">\n\t\t\t\t\t\t\t<\/div>\n\t\t<\/div>\n\t\t\t\t\t<\/div>\n\t\t<\/section>\n\t\t\t\t<\/div>","protected":false},"excerpt":{"rendered":"<p>Feedback Chez EVORIDE, nous sommes fiers de la qualit\u00e9 de  [&#8230;]<\/p>","protected":false},"author":1,"featured_media":0,"parent":0,"menu_order":0,"comment_status":"closed","ping_status":"closed","template":"100-width.php","meta":{"footnotes":""},"class_list":["post-1012","page","type-page","status-publish","hentry"],"yoast_head":"<!-- This site is optimized with the Yoast SEO plugin v24.3 - https:\/\/yoast.com\/wordpress\/plugins\/seo\/ -->\n<title>Feedback - Evoride<\/title>\n<meta name=\"robots\" content=\"index, follow, max-snippet:-1, max-image-preview:large, max-video-preview:-1\" \/>\n<link rel=\"canonical\" href=\"https:\/\/evoride.fr\/en\/feedback\/\" \/>\n<meta property=\"og:locale\" content=\"en_GB\" \/>\n<meta property=\"og:type\" content=\"article\" \/>\n<meta property=\"og:title\" content=\"Feedback - Evoride\" \/>\n<meta property=\"og:description\" content=\"Feedback Chez EVORIDE, nous sommes fiers de la qualit\u00e9 de [...]\" \/>\n<meta property=\"og:url\" content=\"https:\/\/evoride.fr\/en\/feedback\/\" \/>\n<meta property=\"og:site_name\" content=\"Evoride\" \/>\n<meta property=\"article:modified_time\" content=\"2025-03-16T18:01:05+00:00\" \/>\n<meta property=\"og:image\" content=\"https:\/\/s.w.org\/images\/core\/emoji\/15.0.3\/svg\/1f642.svg\" \/>\n<meta name=\"twitter:card\" content=\"summary_large_image\" \/>\n<meta name=\"twitter:label1\" content=\"Estimated reading time\" \/>\n\t<meta name=\"twitter:data1\" content=\"2 minutes\" \/>\n<script type=\"application\/ld+json\" class=\"yoast-schema-graph\">{\"@context\":\"https:\/\/schema.org\",\"@graph\":[{\"@type\":\"WebPage\",\"@id\":\"https:\/\/evoride.fr\/feedback\/\",\"url\":\"https:\/\/evoride.fr\/feedback\/\",\"name\":\"Feedback - Evoride\",\"isPartOf\":{\"@id\":\"https:\/\/evoride.fr\/#website\"},\"primaryImageOfPage\":{\"@id\":\"https:\/\/evoride.fr\/feedback\/#primaryimage\"},\"image\":{\"@id\":\"https:\/\/evoride.fr\/feedback\/#primaryimage\"},\"thumbnailUrl\":\"https:\/\/s.w.org\/images\/core\/emoji\/15.0.3\/svg\/1f642.svg\",\"datePublished\":\"2025-03-09T18:05:04+00:00\",\"dateModified\":\"2025-03-16T18:01:05+00:00\",\"breadcrumb\":{\"@id\":\"https:\/\/evoride.fr\/feedback\/#breadcrumb\"},\"inLanguage\":\"en-GB\",\"potentialAction\":[{\"@type\":\"ReadAction\",\"target\":[\"https:\/\/evoride.fr\/feedback\/\"]}]},{\"@type\":\"ImageObject\",\"inLanguage\":\"en-GB\",\"@id\":\"https:\/\/evoride.fr\/feedback\/#primaryimage\",\"url\":\"https:\/\/s.w.org\/images\/core\/emoji\/15.0.3\/svg\/1f642.svg\",\"contentUrl\":\"https:\/\/s.w.org\/images\/core\/emoji\/15.0.3\/svg\/1f642.svg\"},{\"@type\":\"BreadcrumbList\",\"@id\":\"https:\/\/evoride.fr\/feedback\/#breadcrumb\",\"itemListElement\":[{\"@type\":\"ListItem\",\"position\":1,\"name\":\"Accueil\",\"item\":\"https:\/\/evoride.fr\/\"},{\"@type\":\"ListItem\",\"position\":2,\"name\":\"Feedback\"}]},{\"@type\":\"WebSite\",\"@id\":\"https:\/\/evoride.fr\/#website\",\"url\":\"https:\/\/evoride.fr\/\",\"name\":\"Evoride\",\"description\":\"Kitesurf \u00e9coresponsable\",\"potentialAction\":[{\"@type\":\"SearchAction\",\"target\":{\"@type\":\"EntryPoint\",\"urlTemplate\":\"https:\/\/evoride.fr\/?s={search_term_string}\"},\"query-input\":{\"@type\":\"PropertyValueSpecification\",\"valueRequired\":true,\"valueName\":\"search_term_string\"}}],\"inLanguage\":\"en-GB\"}]}<\/script>\n<!-- \/ Yoast SEO plugin. -->","yoast_head_json":{"title":"Feedback - Evoride","robots":{"index":"index","follow":"follow","max-snippet":"max-snippet:-1","max-image-preview":"max-image-preview:large","max-video-preview":"max-video-preview:-1"},"canonical":"https:\/\/evoride.fr\/en\/feedback\/","og_locale":"en_GB","og_type":"article","og_title":"Feedback - Evoride","og_description":"Feedback Chez EVORIDE, nous sommes fiers de la qualit\u00e9 de [...]","og_url":"https:\/\/evoride.fr\/en\/feedback\/","og_site_name":"Evoride","article_modified_time":"2025-03-16T18:01:05+00:00","og_image":[{"url":"https:\/\/s.w.org\/images\/core\/emoji\/15.0.3\/svg\/1f642.svg","type":"","width":"","height":""}],"twitter_card":"summary_large_image","twitter_misc":{"Estimated reading time":"2 minutes"},"schema":{"@context":"https:\/\/schema.org","@graph":[{"@type":"WebPage","@id":"https:\/\/evoride.fr\/feedback\/","url":"https:\/\/evoride.fr\/feedback\/","name":"Feedback - Evoride","isPartOf":{"@id":"https:\/\/evoride.fr\/#website"},"primaryImageOfPage":{"@id":"https:\/\/evoride.fr\/feedback\/#primaryimage"},"image":{"@id":"https:\/\/evoride.fr\/feedback\/#primaryimage"},"thumbnailUrl":"https:\/\/s.w.org\/images\/core\/emoji\/15.0.3\/svg\/1f642.svg","datePublished":"2025-03-09T18:05:04+00:00","dateModified":"2025-03-16T18:01:05+00:00","breadcrumb":{"@id":"https:\/\/evoride.fr\/feedback\/#breadcrumb"},"inLanguage":"en-GB","potentialAction":[{"@type":"ReadAction","target":["https:\/\/evoride.fr\/feedback\/"]}]},{"@type":"ImageObject","inLanguage":"en-GB","@id":"https:\/\/evoride.fr\/feedback\/#primaryimage","url":"https:\/\/s.w.org\/images\/core\/emoji\/15.0.3\/svg\/1f642.svg","contentUrl":"https:\/\/s.w.org\/images\/core\/emoji\/15.0.3\/svg\/1f642.svg"},{"@type":"BreadcrumbList","@id":"https:\/\/evoride.fr\/feedback\/#breadcrumb","itemListElement":[{"@type":"ListItem","position":1,"name":"Accueil","item":"https:\/\/evoride.fr\/"},{"@type":"ListItem","position":2,"name":"Feedback"}]},{"@type":"WebSite","@id":"https:\/\/evoride.fr\/#website","url":"https:\/\/evoride.fr\/","name":"Evoride","description":"Kitesurf \u00e9coresponsable","potentialAction":[{"@type":"SearchAction","target":{"@type":"EntryPoint","urlTemplate":"https:\/\/evoride.fr\/?s={search_term_string}"},"query-input":{"@type":"PropertyValueSpecification","valueRequired":true,"valueName":"search_term_string"}}],"inLanguage":"en-GB"}]}},"_links":{"self":[{"href":"https:\/\/evoride.fr\/en\/wp-json\/wp\/v2\/pages\/1012","targetHints":{"allow":["GET"]}}],"collection":[{"href":"https:\/\/evoride.fr\/en\/wp-json\/wp\/v2\/pages"}],"about":[{"href":"https:\/\/evoride.fr\/en\/wp-json\/wp\/v2\/types\/page"}],"author":[{"embeddable":true,"href":"https:\/\/evoride.fr\/en\/wp-json\/wp\/v2\/users\/1"}],"replies":[{"embeddable":true,"href":"https:\/\/evoride.fr\/en\/wp-json\/wp\/v2\/comments?post=1012"}],"version-history":[{"count":14,"href":"https:\/\/evoride.fr\/en\/wp-json\/wp\/v2\/pages\/1012\/revisions"}],"predecessor-version":[{"id":1049,"href":"https:\/\/evoride.fr\/en\/wp-json\/wp\/v2\/pages\/1012\/revisions\/1049"}],"wp:attachment":[{"href":"https:\/\/evoride.fr\/en\/wp-json\/wp\/v2\/media?parent=1012"}],"curies":[{"name":"wp","href":"https:\/\/api.w.org\/{rel}","templated":true}]}}